{"id":541,"date":"2017-06-04T09:10:55","date_gmt":"2017-06-04T07:10:55","guid":{"rendered":"http:\/\/www.acr-fulda.de\/?page_id=541"},"modified":"2017-09-10T11:58:26","modified_gmt":"2017-09-10T09:58:26","slug":"avionik_funk","status":"publish","type":"page","link":"https:\/\/www.acr-fulda.de\/?page_id=541","title":{"rendered":"Avionik Funk"},"content":{"rendered":"<h1>Funkger\u00e4te 25kHz Kanalabstand<\/h1>\n<div class=\"col-md-6 segelsub grid_list\">\n<p>Wir haben im Fr\u00fchjahr 2017 unsere f\u00fcnf Flugzeuge, die noch mit 25kHz-Kanalabstand ausger\u00fcstet waren, mit neuen Funkger\u00e4ten mit 8,3 kHz Kanalabstand ausgestattet.<\/p>\n<p>Die ausgebauten Ger\u00e4te bieten wir hier an, folgende Typen stehen zum Verkauf :<\/p>\n<ul>\n<li>Dittel GmbH FSG 71 M (Preis: VHB \u20ac250)<\/li>\n<li>Dittel GmbH FSG 40 S (Preis: VHB \u20ac200)<\/li>\n<li>Filser ATR 500 VHF-TRC (Preis: VHB \u20ac250)<\/li>\n<\/ul>\n<p>Alle Funkger\u00e4te haben bis zum Saisonende einwandfrei funktioniert, die Form-1&#8217;s sind vorhanden.&nbsp;<\/p>\n<\/div>\nngg_shortcode_0_placeholder\n<p>&nbsp;<\/p>\n<p class=\"wpcf7-contact-form-not-found\"><strong>Fehler:<\/strong> Kontaktformular wurde nicht gefunden.<\/p>\n","protected":false},"excerpt":{"rendered":"<p>Funkger\u00e4te 25kHz Kanalabstand Wir haben im Fr\u00fchjahr 2017 unsere f\u00fcnf Flugzeuge, die noch mit 25kHz-Kanalabstand ausger\u00fcstet waren, mit neuen Funkger\u00e4ten mit 8,3 kHz Kanalabstand ausgestattet. Die ausgebauten Ger\u00e4te bieten wir hier an, folgende Typen stehen zum Verkauf : Dittel GmbH FSG 71 M (Preis: VHB \u20ac250) Dittel GmbH FSG 40 S (Preis: VHB \u20ac200) Filser [&hellip;]<\/p>\n","protected":false},"author":1,"featured_media":442,"parent":535,"menu_order":0,"comment_status":"closed","ping_status":"closed","template":"","meta":{"_acf_changed":false,"wikipediapreview_detectlinks":true,"ngg_post_thumbnail":0,"_mc_calendar":[],"footnotes":""},"class_list":["post-541","page","type-page","status-publish","has-post-thumbnail","czr-hentry"],"acf":[],"yoast_head":"<!-- This site is optimized with the Yoast SEO plugin v26.6 - https:\/\/yoast.com\/wordpress\/plugins\/seo\/ -->\n<title>Avionik Funk - Aeroclub Rh\u00f6n e.V. Fulda<\/title>\n<meta name=\"robots\" content=\"noindex, follow\" \/>\n<meta property=\"og:locale\" content=\"de_DE\" \/>\n<meta property=\"og:type\" content=\"article\" \/>\n<meta property=\"og:title\" content=\"Avionik Funk - Aeroclub Rh\u00f6n e.V. Fulda\" \/>\n<meta property=\"og:description\" content=\"Funkger\u00e4te 25kHz Kanalabstand Wir haben im Fr\u00fchjahr 2017 unsere f\u00fcnf Flugzeuge, die noch mit 25kHz-Kanalabstand ausger\u00fcstet waren, mit neuen Funkger\u00e4ten mit 8,3 kHz Kanalabstand ausgestattet. Die ausgebauten Ger\u00e4te bieten wir hier an, folgende Typen stehen zum Verkauf : Dittel GmbH FSG 71 M (Preis: VHB \u20ac250) Dittel GmbH FSG 40 S (Preis: VHB \u20ac200) Filser [&hellip;]\" \/>\n<meta property=\"og:url\" content=\"https:\/\/www.acr-fulda.de\/?page_id=541\" \/>\n<meta property=\"og:site_name\" content=\"Aeroclub Rh\u00f6n e.V. Fulda\" \/>\n<meta property=\"article:modified_time\" content=\"2017-09-10T09:58:26+00:00\" \/>\n<meta property=\"og:image\" content=\"https:\/\/www.acr-fulda.de\/wp-content\/uploads\/2017\/05\/Dittel-GmbH-FSG-71-M-41-von-112.jpg\" \/>\n\t<meta property=\"og:image:width\" content=\"1944\" \/>\n\t<meta property=\"og:image:height\" content=\"1296\" \/>\n\t<meta property=\"og:image:type\" content=\"image\/jpeg\" \/>\n<meta name=\"twitter:card\" content=\"summary_large_image\" \/>\n<meta name=\"twitter:label1\" content=\"Gesch\u00e4tzte Lesezeit\" \/>\n\t<meta name=\"twitter:data1\" content=\"1\u00a0Minute\" \/>\n<script type=\"application\/ld+json\" class=\"yoast-schema-graph\">{\"@context\":\"https:\/\/schema.org\",\"@graph\":[{\"@type\":\"WebPage\",\"@id\":\"https:\/\/www.acr-fulda.de\/?page_id=541\",\"url\":\"https:\/\/www.acr-fulda.de\/?page_id=541\",\"name\":\"Avionik Funk - Aeroclub Rh\u00f6n e.V. Fulda\",\"isPartOf\":{\"@id\":\"https:\/\/www.acr-fulda.de\/#website\"},\"primaryImageOfPage\":{\"@id\":\"https:\/\/www.acr-fulda.de\/?page_id=541#primaryimage\"},\"image\":{\"@id\":\"https:\/\/www.acr-fulda.de\/?page_id=541#primaryimage\"},\"thumbnailUrl\":\"https:\/\/acr-fulda.de\/wp-content\/uploads\/2017\/05\/Dittel-GmbH-FSG-71-M-41-von-112.jpg\",\"datePublished\":\"2017-06-04T07:10:55+00:00\",\"dateModified\":\"2017-09-10T09:58:26+00:00\",\"breadcrumb\":{\"@id\":\"https:\/\/www.acr-fulda.de\/?page_id=541#breadcrumb\"},\"inLanguage\":\"de\",\"potentialAction\":[{\"@type\":\"ReadAction\",\"target\":[\"https:\/\/www.acr-fulda.de\/?page_id=541\"]}]},{\"@type\":\"ImageObject\",\"inLanguage\":\"de\",\"@id\":\"https:\/\/www.acr-fulda.de\/?page_id=541#primaryimage\",\"url\":\"https:\/\/acr-fulda.de\/wp-content\/uploads\/2017\/05\/Dittel-GmbH-FSG-71-M-41-von-112.jpg\",\"contentUrl\":\"https:\/\/acr-fulda.de\/wp-content\/uploads\/2017\/05\/Dittel-GmbH-FSG-71-M-41-von-112.jpg\",\"width\":1944,\"height\":1296,\"caption\":\"D-KLWM\"},{\"@type\":\"BreadcrumbList\",\"@id\":\"https:\/\/www.acr-fulda.de\/?page_id=541#breadcrumb\",\"itemListElement\":[{\"@type\":\"ListItem\",\"position\":1,\"name\":\"Startseite\",\"item\":\"https:\/\/www.acr-fulda.de\/\"},{\"@type\":\"ListItem\",\"position\":2,\"name\":\"Avionik-Flohmarkt\",\"item\":\"https:\/\/www.acr-fulda.de\/?page_id=535\"},{\"@type\":\"ListItem\",\"position\":3,\"name\":\"Avionik Funk\"}]},{\"@type\":\"WebSite\",\"@id\":\"https:\/\/www.acr-fulda.de\/#website\",\"url\":\"https:\/\/www.acr-fulda.de\/\",\"name\":\"Aeroclub Rh\u00f6n e.V. Fulda\",\"description\":\"Segelfliegen, Einf\u00fchrungsfl\u00fcge, Flugschule am  Stadtrand von Fulda\",\"publisher\":{\"@id\":\"https:\/\/www.acr-fulda.de\/#organization\"},\"potentialAction\":[{\"@type\":\"SearchAction\",\"target\":{\"@type\":\"EntryPoint\",\"urlTemplate\":\"https:\/\/www.acr-fulda.de\/?s={search_term_string}\"},\"query-input\":{\"@type\":\"PropertyValueSpecification\",\"valueRequired\":true,\"valueName\":\"search_term_string\"}}],\"inLanguage\":\"de\"},{\"@type\":\"Organization\",\"@id\":\"https:\/\/www.acr-fulda.de\/#organization\",\"name\":\"Aeroclub Rh\u00f6n e.V. Fulda\",\"url\":\"https:\/\/www.acr-fulda.de\/\",\"logo\":{\"@type\":\"ImageObject\",\"inLanguage\":\"de\",\"@id\":\"https:\/\/www.acr-fulda.de\/#\/schema\/logo\/image\/\",\"url\":\"https:\/\/i0.wp.com\/www.acr-fulda.de\/wp-content\/uploads\/2015\/11\/ACR-Logo_MASK-e1482574119922.png?fit=128%2C128&ssl=1\",\"contentUrl\":\"https:\/\/i0.wp.com\/www.acr-fulda.de\/wp-content\/uploads\/2015\/11\/ACR-Logo_MASK-e1482574119922.png?fit=128%2C128&ssl=1\",\"width\":128,\"height\":128,\"caption\":\"Aeroclub Rh\u00f6n e.V. Fulda\"},\"image\":{\"@id\":\"https:\/\/www.acr-fulda.de\/#\/schema\/logo\/image\/\"}}]}<\/script>\n<!-- \/ Yoast SEO plugin. -->","yoast_head_json":{"title":"Avionik Funk - Aeroclub Rh\u00f6n e.V. Fulda","robots":{"index":"noindex","follow":"follow"},"og_locale":"de_DE","og_type":"article","og_title":"Avionik Funk - Aeroclub Rh\u00f6n e.V. Fulda","og_description":"Funkger\u00e4te 25kHz Kanalabstand Wir haben im Fr\u00fchjahr 2017 unsere f\u00fcnf Flugzeuge, die noch mit 25kHz-Kanalabstand ausger\u00fcstet waren, mit neuen Funkger\u00e4ten mit 8,3 kHz Kanalabstand ausgestattet. Die ausgebauten Ger\u00e4te bieten wir hier an, folgende Typen stehen zum Verkauf : Dittel GmbH FSG 71 M (Preis: VHB \u20ac250) Dittel GmbH FSG 40 S (Preis: VHB \u20ac200) Filser [&hellip;]","og_url":"https:\/\/www.acr-fulda.de\/?page_id=541","og_site_name":"Aeroclub Rh\u00f6n e.V. Fulda","article_modified_time":"2017-09-10T09:58:26+00:00","og_image":[{"width":1944,"height":1296,"url":"https:\/\/www.acr-fulda.de\/wp-content\/uploads\/2017\/05\/Dittel-GmbH-FSG-71-M-41-von-112.jpg","type":"image\/jpeg"}],"twitter_card":"summary_large_image","twitter_misc":{"Gesch\u00e4tzte Lesezeit":"1\u00a0Minute"},"schema":{"@context":"https:\/\/schema.org","@graph":[{"@type":"WebPage","@id":"https:\/\/www.acr-fulda.de\/?page_id=541","url":"https:\/\/www.acr-fulda.de\/?page_id=541","name":"Avionik Funk - Aeroclub Rh\u00f6n e.V. Fulda","isPartOf":{"@id":"https:\/\/www.acr-fulda.de\/#website"},"primaryImageOfPage":{"@id":"https:\/\/www.acr-fulda.de\/?page_id=541#primaryimage"},"image":{"@id":"https:\/\/www.acr-fulda.de\/?page_id=541#primaryimage"},"thumbnailUrl":"https:\/\/acr-fulda.de\/wp-content\/uploads\/2017\/05\/Dittel-GmbH-FSG-71-M-41-von-112.jpg","datePublished":"2017-06-04T07:10:55+00:00","dateModified":"2017-09-10T09:58:26+00:00","breadcrumb":{"@id":"https:\/\/www.acr-fulda.de\/?page_id=541#breadcrumb"},"inLanguage":"de","potentialAction":[{"@type":"ReadAction","target":["https:\/\/www.acr-fulda.de\/?page_id=541"]}]},{"@type":"ImageObject","inLanguage":"de","@id":"https:\/\/www.acr-fulda.de\/?page_id=541#primaryimage","url":"https:\/\/acr-fulda.de\/wp-content\/uploads\/2017\/05\/Dittel-GmbH-FSG-71-M-41-von-112.jpg","contentUrl":"https:\/\/acr-fulda.de\/wp-content\/uploads\/2017\/05\/Dittel-GmbH-FSG-71-M-41-von-112.jpg","width":1944,"height":1296,"caption":"D-KLWM"},{"@type":"BreadcrumbList","@id":"https:\/\/www.acr-fulda.de\/?page_id=541#breadcrumb","itemListElement":[{"@type":"ListItem","position":1,"name":"Startseite","item":"https:\/\/www.acr-fulda.de\/"},{"@type":"ListItem","position":2,"name":"Avionik-Flohmarkt","item":"https:\/\/www.acr-fulda.de\/?page_id=535"},{"@type":"ListItem","position":3,"name":"Avionik Funk"}]},{"@type":"WebSite","@id":"https:\/\/www.acr-fulda.de\/#website","url":"https:\/\/www.acr-fulda.de\/","name":"Aeroclub Rh\u00f6n e.V. Fulda","description":"Segelfliegen, Einf\u00fchrungsfl\u00fcge, Flugschule am  Stadtrand von Fulda","publisher":{"@id":"https:\/\/www.acr-fulda.de\/#organization"},"potentialAction":[{"@type":"SearchAction","target":{"@type":"EntryPoint","urlTemplate":"https:\/\/www.acr-fulda.de\/?s={search_term_string}"},"query-input":{"@type":"PropertyValueSpecification","valueRequired":true,"valueName":"search_term_string"}}],"inLanguage":"de"},{"@type":"Organization","@id":"https:\/\/www.acr-fulda.de\/#organization","name":"Aeroclub Rh\u00f6n e.V. Fulda","url":"https:\/\/www.acr-fulda.de\/","logo":{"@type":"ImageObject","inLanguage":"de","@id":"https:\/\/www.acr-fulda.de\/#\/schema\/logo\/image\/","url":"https:\/\/i0.wp.com\/www.acr-fulda.de\/wp-content\/uploads\/2015\/11\/ACR-Logo_MASK-e1482574119922.png?fit=128%2C128&ssl=1","contentUrl":"https:\/\/i0.wp.com\/www.acr-fulda.de\/wp-content\/uploads\/2015\/11\/ACR-Logo_MASK-e1482574119922.png?fit=128%2C128&ssl=1","width":128,"height":128,"caption":"Aeroclub Rh\u00f6n e.V. Fulda"},"image":{"@id":"https:\/\/www.acr-fulda.de\/#\/schema\/logo\/image\/"}}]}},"_links":{"self":[{"href":"https:\/\/www.acr-fulda.de\/index.php?rest_route=\/wp\/v2\/pages\/541","targetHints":{"allow":["GET"]}}],"collection":[{"href":"https:\/\/www.acr-fulda.de\/index.php?rest_route=\/wp\/v2\/pages"}],"about":[{"href":"https:\/\/www.acr-fulda.de\/index.php?rest_route=\/wp\/v2\/types\/page"}],"author":[{"embeddable":true,"href":"https:\/\/www.acr-fulda.de\/index.php?rest_route=\/wp\/v2\/users\/1"}],"replies":[{"embeddable":true,"href":"https:\/\/www.acr-fulda.de\/index.php?rest_route=%2Fwp%2Fv2%2Fcomments&post=541"}],"version-history":[{"count":9,"href":"https:\/\/www.acr-fulda.de\/index.php?rest_route=\/wp\/v2\/pages\/541\/revisions"}],"predecessor-version":[{"id":771,"href":"https:\/\/www.acr-fulda.de\/index.php?rest_route=\/wp\/v2\/pages\/541\/revisions\/771"}],"up":[{"embeddable":true,"href":"https:\/\/www.acr-fulda.de\/index.php?rest_route=\/wp\/v2\/pages\/535"}],"wp:featuredmedia":[{"embeddable":true,"href":"https:\/\/www.acr-fulda.de\/index.php?rest_route=\/wp\/v2\/media\/442"}],"wp:attachment":[{"href":"https:\/\/www.acr-fulda.de\/index.php?rest_route=%2Fwp%2Fv2%2Fmedia&parent=541"}],"curies":[{"name":"wp","href":"https:\/\/api.w.org\/{rel}","templated":true}]}}