{"id":404,"date":"2017-05-03T22:47:26","date_gmt":"2017-05-03T20:47:26","guid":{"rendered":"http:\/\/www.acr-fulda.de\/?page_id=404"},"modified":"2017-05-03T22:47:26","modified_gmt":"2017-05-03T20:47:26","slug":"downloads","status":"publish","type":"page","link":"https:\/\/www.acr-fulda.de\/?page_id=404","title":{"rendered":"Downloads"},"content":{"rendered":"<p>Hier finden Sie die wichtigsten Dokumente in der aktuell\u00a0g\u00fcltigen Fassung:<\/p>\n<p><a href=\"http:\/\/www.acr-fulda.de\/wp-content\/uploads\/2017\/05\/Satzung-des-ACR-12-2016.pdf\">Satzung des ACR 12 &#8211; 2016<\/a><\/p>\n<p><a href=\"http:\/\/www.acr-fulda.de\/wp-content\/uploads\/2017\/05\/Geb\u00fchrenordnung-ACR-M\u00e4rz-2014.pdf\">Geb\u00fchrenordnung &#8211; ACR &#8211; M\u00e4rz 2014<\/a><\/p>\n<p><a href=\"http:\/\/www.acr-fulda.de\/wp-content\/uploads\/2017\/05\/Antrag-auf-Mitgliedschaft.pdf\">Antrag auf Mitgliedschaft<\/a><\/p>\n<p>&nbsp;<\/p>\n<p>&nbsp;<\/p>\n","protected":false},"excerpt":{"rendered":"<p>Hier finden Sie die wichtigsten Dokumente in der aktuell\u00a0g\u00fcltigen Fassung: Satzung des ACR 12 &#8211; 2016 Geb\u00fchrenordnung &#8211; ACR &#8211; M\u00e4rz 2014 Antrag auf Mitgliedschaft &nbsp; &nbsp;<\/p>\n","protected":false},"author":1,"featured_media":403,"parent":0,"menu_order":0,"comment_status":"closed","ping_status":"closed","template":"","meta":{"_acf_changed":false,"wikipediapreview_detectlinks":true,"ngg_post_thumbnail":0,"_mc_calendar":[],"footnotes":""},"class_list":["post-404","page","type-page","status-publish","has-post-thumbnail","czr-hentry"],"acf":[],"yoast_head":"<!-- This site is optimized with the Yoast SEO plugin v26.6 - https:\/\/yoast.com\/wordpress\/plugins\/seo\/ -->\n<title>Downloads - Aeroclub Rh\u00f6n e.V. Fulda<\/title>\n<meta name=\"robots\" content=\"noindex, follow\" \/>\n<meta property=\"og:locale\" content=\"de_DE\" \/>\n<meta property=\"og:type\" content=\"article\" \/>\n<meta property=\"og:title\" content=\"Downloads - Aeroclub Rh\u00f6n e.V. Fulda\" \/>\n<meta property=\"og:description\" content=\"Hier finden Sie die wichtigsten Dokumente in der aktuell\u00a0g\u00fcltigen Fassung: Satzung des ACR 12 &#8211; 2016 Geb\u00fchrenordnung &#8211; ACR &#8211; M\u00e4rz 2014 Antrag auf Mitgliedschaft &nbsp; &nbsp;\" \/>\n<meta property=\"og:url\" content=\"https:\/\/www.acr-fulda.de\/?page_id=404\" \/>\n<meta property=\"og:site_name\" content=\"Aeroclub Rh\u00f6n e.V. Fulda\" \/>\n<meta property=\"og:image\" content=\"https:\/\/www.acr-fulda.de\/wp-content\/uploads\/2017\/05\/DownloadBild.jpg\" \/>\n\t<meta property=\"og:image:width\" content=\"678\" \/>\n\t<meta property=\"og:image:height\" content=\"476\" \/>\n\t<meta property=\"og:image:type\" content=\"image\/jpeg\" \/>\n<meta name=\"twitter:card\" content=\"summary_large_image\" \/>\n<script type=\"application\/ld+json\" class=\"yoast-schema-graph\">{\"@context\":\"https:\/\/schema.org\",\"@graph\":[{\"@type\":\"WebPage\",\"@id\":\"https:\/\/www.acr-fulda.de\/?page_id=404\",\"url\":\"https:\/\/www.acr-fulda.de\/?page_id=404\",\"name\":\"Downloads - Aeroclub Rh\u00f6n e.V. Fulda\",\"isPartOf\":{\"@id\":\"https:\/\/www.acr-fulda.de\/#website\"},\"primaryImageOfPage\":{\"@id\":\"https:\/\/www.acr-fulda.de\/?page_id=404#primaryimage\"},\"image\":{\"@id\":\"https:\/\/www.acr-fulda.de\/?page_id=404#primaryimage\"},\"thumbnailUrl\":\"https:\/\/acr-fulda.de\/wp-content\/uploads\/2017\/05\/DownloadBild.jpg\",\"datePublished\":\"2017-05-03T20:47:26+00:00\",\"breadcrumb\":{\"@id\":\"https:\/\/www.acr-fulda.de\/?page_id=404#breadcrumb\"},\"inLanguage\":\"de\",\"potentialAction\":[{\"@type\":\"ReadAction\",\"target\":[\"https:\/\/www.acr-fulda.de\/?page_id=404\"]}]},{\"@type\":\"ImageObject\",\"inLanguage\":\"de\",\"@id\":\"https:\/\/www.acr-fulda.de\/?page_id=404#primaryimage\",\"url\":\"https:\/\/acr-fulda.de\/wp-content\/uploads\/2017\/05\/DownloadBild.jpg\",\"contentUrl\":\"https:\/\/acr-fulda.de\/wp-content\/uploads\/2017\/05\/DownloadBild.jpg\",\"width\":678,\"height\":476},{\"@type\":\"BreadcrumbList\",\"@id\":\"https:\/\/www.acr-fulda.de\/?page_id=404#breadcrumb\",\"itemListElement\":[{\"@type\":\"ListItem\",\"position\":1,\"name\":\"Startseite\",\"item\":\"https:\/\/www.acr-fulda.de\/\"},{\"@type\":\"ListItem\",\"position\":2,\"name\":\"Downloads\"}]},{\"@type\":\"WebSite\",\"@id\":\"https:\/\/www.acr-fulda.de\/#website\",\"url\":\"https:\/\/www.acr-fulda.de\/\",\"name\":\"Aeroclub Rh\u00f6n e.V. Fulda\",\"description\":\"Segelfliegen, Einf\u00fchrungsfl\u00fcge, Flugschule am  Stadtrand von Fulda\",\"publisher\":{\"@id\":\"https:\/\/www.acr-fulda.de\/#organization\"},\"potentialAction\":[{\"@type\":\"SearchAction\",\"target\":{\"@type\":\"EntryPoint\",\"urlTemplate\":\"https:\/\/www.acr-fulda.de\/?s={search_term_string}\"},\"query-input\":{\"@type\":\"PropertyValueSpecification\",\"valueRequired\":true,\"valueName\":\"search_term_string\"}}],\"inLanguage\":\"de\"},{\"@type\":\"Organization\",\"@id\":\"https:\/\/www.acr-fulda.de\/#organization\",\"name\":\"Aeroclub Rh\u00f6n e.V. Fulda\",\"url\":\"https:\/\/www.acr-fulda.de\/\",\"logo\":{\"@type\":\"ImageObject\",\"inLanguage\":\"de\",\"@id\":\"https:\/\/www.acr-fulda.de\/#\/schema\/logo\/image\/\",\"url\":\"https:\/\/i0.wp.com\/www.acr-fulda.de\/wp-content\/uploads\/2015\/11\/ACR-Logo_MASK-e1482574119922.png?fit=128%2C128&ssl=1\",\"contentUrl\":\"https:\/\/i0.wp.com\/www.acr-fulda.de\/wp-content\/uploads\/2015\/11\/ACR-Logo_MASK-e1482574119922.png?fit=128%2C128&ssl=1\",\"width\":128,\"height\":128,\"caption\":\"Aeroclub Rh\u00f6n e.V. Fulda\"},\"image\":{\"@id\":\"https:\/\/www.acr-fulda.de\/#\/schema\/logo\/image\/\"}}]}<\/script>\n<!-- \/ Yoast SEO plugin. -->","yoast_head_json":{"title":"Downloads - Aeroclub Rh\u00f6n e.V. Fulda","robots":{"index":"noindex","follow":"follow"},"og_locale":"de_DE","og_type":"article","og_title":"Downloads - Aeroclub Rh\u00f6n e.V. Fulda","og_description":"Hier finden Sie die wichtigsten Dokumente in der aktuell\u00a0g\u00fcltigen Fassung: Satzung des ACR 12 &#8211; 2016 Geb\u00fchrenordnung &#8211; ACR &#8211; M\u00e4rz 2014 Antrag auf Mitgliedschaft &nbsp; &nbsp;","og_url":"https:\/\/www.acr-fulda.de\/?page_id=404","og_site_name":"Aeroclub Rh\u00f6n e.V. Fulda","og_image":[{"width":678,"height":476,"url":"https:\/\/www.acr-fulda.de\/wp-content\/uploads\/2017\/05\/DownloadBild.jpg","type":"image\/jpeg"}],"twitter_card":"summary_large_image","schema":{"@context":"https:\/\/schema.org","@graph":[{"@type":"WebPage","@id":"https:\/\/www.acr-fulda.de\/?page_id=404","url":"https:\/\/www.acr-fulda.de\/?page_id=404","name":"Downloads - Aeroclub Rh\u00f6n e.V. Fulda","isPartOf":{"@id":"https:\/\/www.acr-fulda.de\/#website"},"primaryImageOfPage":{"@id":"https:\/\/www.acr-fulda.de\/?page_id=404#primaryimage"},"image":{"@id":"https:\/\/www.acr-fulda.de\/?page_id=404#primaryimage"},"thumbnailUrl":"https:\/\/acr-fulda.de\/wp-content\/uploads\/2017\/05\/DownloadBild.jpg","datePublished":"2017-05-03T20:47:26+00:00","breadcrumb":{"@id":"https:\/\/www.acr-fulda.de\/?page_id=404#breadcrumb"},"inLanguage":"de","potentialAction":[{"@type":"ReadAction","target":["https:\/\/www.acr-fulda.de\/?page_id=404"]}]},{"@type":"ImageObject","inLanguage":"de","@id":"https:\/\/www.acr-fulda.de\/?page_id=404#primaryimage","url":"https:\/\/acr-fulda.de\/wp-content\/uploads\/2017\/05\/DownloadBild.jpg","contentUrl":"https:\/\/acr-fulda.de\/wp-content\/uploads\/2017\/05\/DownloadBild.jpg","width":678,"height":476},{"@type":"BreadcrumbList","@id":"https:\/\/www.acr-fulda.de\/?page_id=404#breadcrumb","itemListElement":[{"@type":"ListItem","position":1,"name":"Startseite","item":"https:\/\/www.acr-fulda.de\/"},{"@type":"ListItem","position":2,"name":"Downloads"}]},{"@type":"WebSite","@id":"https:\/\/www.acr-fulda.de\/#website","url":"https:\/\/www.acr-fulda.de\/","name":"Aeroclub Rh\u00f6n e.V. Fulda","description":"Segelfliegen, Einf\u00fchrungsfl\u00fcge, Flugschule am  Stadtrand von Fulda","publisher":{"@id":"https:\/\/www.acr-fulda.de\/#organization"},"potentialAction":[{"@type":"SearchAction","target":{"@type":"EntryPoint","urlTemplate":"https:\/\/www.acr-fulda.de\/?s={search_term_string}"},"query-input":{"@type":"PropertyValueSpecification","valueRequired":true,"valueName":"search_term_string"}}],"inLanguage":"de"},{"@type":"Organization","@id":"https:\/\/www.acr-fulda.de\/#organization","name":"Aeroclub Rh\u00f6n e.V. Fulda","url":"https:\/\/www.acr-fulda.de\/","logo":{"@type":"ImageObject","inLanguage":"de","@id":"https:\/\/www.acr-fulda.de\/#\/schema\/logo\/image\/","url":"https:\/\/i0.wp.com\/www.acr-fulda.de\/wp-content\/uploads\/2015\/11\/ACR-Logo_MASK-e1482574119922.png?fit=128%2C128&ssl=1","contentUrl":"https:\/\/i0.wp.com\/www.acr-fulda.de\/wp-content\/uploads\/2015\/11\/ACR-Logo_MASK-e1482574119922.png?fit=128%2C128&ssl=1","width":128,"height":128,"caption":"Aeroclub Rh\u00f6n e.V. Fulda"},"image":{"@id":"https:\/\/www.acr-fulda.de\/#\/schema\/logo\/image\/"}}]}},"_links":{"self":[{"href":"https:\/\/www.acr-fulda.de\/index.php?rest_route=\/wp\/v2\/pages\/404","targetHints":{"allow":["GET"]}}],"collection":[{"href":"https:\/\/www.acr-fulda.de\/index.php?rest_route=\/wp\/v2\/pages"}],"about":[{"href":"https:\/\/www.acr-fulda.de\/index.php?rest_route=\/wp\/v2\/types\/page"}],"author":[{"embeddable":true,"href":"https:\/\/www.acr-fulda.de\/index.php?rest_route=\/wp\/v2\/users\/1"}],"replies":[{"embeddable":true,"href":"https:\/\/www.acr-fulda.de\/index.php?rest_route=%2Fwp%2Fv2%2Fcomments&post=404"}],"version-history":[{"count":5,"href":"https:\/\/www.acr-fulda.de\/index.php?rest_route=\/wp\/v2\/pages\/404\/revisions"}],"predecessor-version":[{"id":1144,"href":"https:\/\/www.acr-fulda.de\/index.php?rest_route=\/wp\/v2\/pages\/404\/revisions\/1144"}],"wp:featuredmedia":[{"embeddable":true,"href":"https:\/\/www.acr-fulda.de\/index.php?rest_route=\/wp\/v2\/media\/403"}],"wp:attachment":[{"href":"https:\/\/www.acr-fulda.de\/index.php?rest_route=%2Fwp%2Fv2%2Fmedia&parent=404"}],"curies":[{"name":"wp","href":"https:\/\/api.w.org\/{rel}","templated":true}]}}