{"id":36,"date":"2015-04-17T21:15:42","date_gmt":"2015-04-17T20:15:42","guid":{"rendered":"http:\/\/www.acr-fulda.de\/?page_id=36"},"modified":"2026-03-07T10:26:54","modified_gmt":"2026-03-07T09:26:54","slug":"impressum","status":"publish","type":"page","link":"https:\/\/www.acr-fulda.de\/?page_id=36","title":{"rendered":"Impressum"},"content":{"rendered":"<h2>Angaben gem\u00e4\u00df \u00a7 5 TMG:<\/h2>\n<p><strong>Postanschrift:<\/strong><\/p>\n<p>Aero-Club Rh\u00f6n e.V Fulda<br \/>\nOlympiastrasse 8b<\/p>\n<p>36041 Fulda<\/p>\n<h2>Vertreten durch:<\/h2>\n<p>Daniel K\u00fcmmel<\/p>\n<h2>Kontakt:<\/h2>\n<table>\n<tbody>\n<tr>\n<td>Telefon:<\/td>\n<td>0661-21155<\/td>\n<\/tr>\n<tr>\n<td>Telefax:<\/td>\n<td>0661-9015583<\/td>\n<\/tr>\n<tr>\n<td>E-Mail:<\/td>\n<td>info@acr-fulda.de<\/td>\n<\/tr>\n<\/tbody>\n<\/table>\n<p>Registereintrag:<\/p>\n<p>Eintragung im Vereinsregister:<br \/>\nRegistergericht: AG Fulda<br \/>\nRegisternummer: VR 518<\/p>\n<h2>Aufsichtsbeh\u00f6rde:<\/h2>\n<p>Regierungspr\u00e4sidium Kassel<\/p>\n<p>Quelle: <em><a href=\"http:\/\/www.e-recht24.de\/impressum-generator.html\" rel=\"nofollow\">http:\/\/www.e-recht24.de<\/a><\/em><\/p>\n<h1><a title=\"Link auf Datenschutzerkl\u00e4rung\" href=\"http:\/\/www.acr-fulda.de\/?page_id=46\" target=\"_blank\" rel=\"noopener\">Link auf die Datenschutzerkl\u00e4rung<\/a><\/h1>\n<p>Rechtliche Hinweise<\/p>\n<p>Alle Rechte vorbehalten. Die hier zur Verf\u00fcgung gestellten Inhalte sind lediglich zur pers\u00f6nlichen Information bestimmt. Jedes Kopieren oder Ver\u00f6ffentlichen in anderer Form ist untersagt. Alle Fotografien unterliegen dem Copyright. Die Fotos d\u00fcrfen, ohne ausdr\u00fcckliche Genehmigung, nicht kopiert bzw. auf anderen Datentr\u00e4gern gespeichert oder ausgedruckt werden.<\/p>\n<p>Distanzierungshinweis<\/p>\n<p>Mit dem Urteil vom 12. Mai 1998 hat das Landgericht Hamburg entschieden, dass man durch die Ausbringung eines Links die Inhalte der gelinkten Seite gegebenenfalls mit zu verantworten hat.<\/p>\n<p>Dies kann &#8211; so das LG &#8211; nur dadurch verhindert werden, dass man sich ausdr\u00fccklich von diesen Inhalten distanziert. Von der Homepage des AeroClub Rh\u00f6n e.V. Fulda f\u00fchren Links zu anderen Seiten im Internet. F\u00fcr alle diese Links gilt: Wir betonen ausdr\u00fccklich, dass wir keinerlei Einfluss auf die Gestaltung und Inhalte der gelinkten Seiten haben. Aus diesem Grunde distanzieren wir uns hiermit ganz klar von allen Inhalten der gelinkten Seiten und machen uns deren Inhalte nicht zu Eigen. Diese Erkl\u00e4rung gilt f\u00fcr alle Links und f\u00fcr alle Inhalte der Seiten, zu denen bei uns gelinkte Inhalte f\u00fchren.<\/p>\n<p>Haftung<\/p>\n<p>Wir \u00fcbernehmen keinerlei Haftung f\u00fcr die Richtigkeit der Inhalte unserer Seiten. Druck- \/ Schreibfehler vorbehalten.<\/p>\n","protected":false},"excerpt":{"rendered":"<p>Angaben gem\u00e4\u00df \u00a7 5 TMG: Postanschrift: Aero-Club Rh\u00f6n e.V Fulda Olympiastrasse 8b 36041 Fulda Vertreten durch: Daniel K\u00fcmmel Kontakt: Telefon: 0661-21155 Telefax: 0661-9015583 E-Mail: info@acr-fulda.de Registereintrag: Eintragung im Vereinsregister: Registergericht: AG Fulda Registernummer: VR 518 Aufsichtsbeh\u00f6rde: Regierungspr\u00e4sidium Kassel Quelle: http:\/\/www.e-recht24.de Link auf die Datenschutzerkl\u00e4rung Rechtliche Hinweise Alle Rechte vorbehalten. Die hier zur Verf\u00fcgung gestellten Inhalte [&hellip;]<\/p>\n","protected":false},"author":1,"featured_media":0,"parent":0,"menu_order":0,"comment_status":"open","ping_status":"open","template":"","meta":{"_acf_changed":false,"wikipediapreview_detectlinks":true,"ngg_post_thumbnail":0,"_mc_calendar":[],"footnotes":""},"class_list":["post-36","page","type-page","status-publish","czr-hentry"],"acf":[],"yoast_head":"<!-- This site is optimized with the Yoast SEO plugin v26.6 - https:\/\/yoast.com\/wordpress\/plugins\/seo\/ -->\n<title>Impressum - Aeroclub Rh\u00f6n e.V. Fulda<\/title>\n<meta name=\"robots\" content=\"noindex, follow\" \/>\n<meta property=\"og:locale\" content=\"de_DE\" \/>\n<meta property=\"og:type\" content=\"article\" \/>\n<meta property=\"og:title\" content=\"Impressum - Aeroclub Rh\u00f6n e.V. Fulda\" \/>\n<meta property=\"og:description\" content=\"Angaben gem\u00e4\u00df \u00a7 5 TMG: Postanschrift: Aero-Club Rh\u00f6n e.V Fulda Olympiastrasse 8b 36041 Fulda Vertreten durch: Daniel K\u00fcmmel Kontakt: Telefon: 0661-21155 Telefax: 0661-9015583 E-Mail: info@acr-fulda.de Registereintrag: Eintragung im Vereinsregister: Registergericht: AG Fulda Registernummer: VR 518 Aufsichtsbeh\u00f6rde: Regierungspr\u00e4sidium Kassel Quelle: http:\/\/www.e-recht24.de Link auf die Datenschutzerkl\u00e4rung Rechtliche Hinweise Alle Rechte vorbehalten. Die hier zur Verf\u00fcgung gestellten Inhalte [&hellip;]\" \/>\n<meta property=\"og:url\" content=\"https:\/\/www.acr-fulda.de\/?page_id=36\" \/>\n<meta property=\"og:site_name\" content=\"Aeroclub Rh\u00f6n e.V. Fulda\" \/>\n<meta property=\"article:modified_time\" content=\"2026-03-07T09:26:54+00:00\" \/>\n<meta name=\"twitter:card\" content=\"summary_large_image\" \/>\n<meta name=\"twitter:label1\" content=\"Gesch\u00e4tzte Lesezeit\" \/>\n\t<meta name=\"twitter:data1\" content=\"2\u00a0Minuten\" \/>\n<script type=\"application\/ld+json\" class=\"yoast-schema-graph\">{\"@context\":\"https:\/\/schema.org\",\"@graph\":[{\"@type\":\"WebPage\",\"@id\":\"https:\/\/www.acr-fulda.de\/?page_id=36\",\"url\":\"https:\/\/www.acr-fulda.de\/?page_id=36\",\"name\":\"Impressum - Aeroclub Rh\u00f6n e.V. Fulda\",\"isPartOf\":{\"@id\":\"https:\/\/www.acr-fulda.de\/#website\"},\"datePublished\":\"2015-04-17T20:15:42+00:00\",\"dateModified\":\"2026-03-07T09:26:54+00:00\",\"breadcrumb\":{\"@id\":\"https:\/\/www.acr-fulda.de\/?page_id=36#breadcrumb\"},\"inLanguage\":\"de\",\"potentialAction\":[{\"@type\":\"ReadAction\",\"target\":[\"https:\/\/www.acr-fulda.de\/?page_id=36\"]}]},{\"@type\":\"BreadcrumbList\",\"@id\":\"https:\/\/www.acr-fulda.de\/?page_id=36#breadcrumb\",\"itemListElement\":[{\"@type\":\"ListItem\",\"position\":1,\"name\":\"Startseite\",\"item\":\"https:\/\/www.acr-fulda.de\/\"},{\"@type\":\"ListItem\",\"position\":2,\"name\":\"Impressum\"}]},{\"@type\":\"WebSite\",\"@id\":\"https:\/\/www.acr-fulda.de\/#website\",\"url\":\"https:\/\/www.acr-fulda.de\/\",\"name\":\"Aeroclub Rh\u00f6n e.V. Fulda\",\"description\":\"Segelfliegen, Einf\u00fchrungsfl\u00fcge, Flugschule am  Stadtrand von Fulda\",\"publisher\":{\"@id\":\"https:\/\/www.acr-fulda.de\/#organization\"},\"potentialAction\":[{\"@type\":\"SearchAction\",\"target\":{\"@type\":\"EntryPoint\",\"urlTemplate\":\"https:\/\/www.acr-fulda.de\/?s={search_term_string}\"},\"query-input\":{\"@type\":\"PropertyValueSpecification\",\"valueRequired\":true,\"valueName\":\"search_term_string\"}}],\"inLanguage\":\"de\"},{\"@type\":\"Organization\",\"@id\":\"https:\/\/www.acr-fulda.de\/#organization\",\"name\":\"Aeroclub Rh\u00f6n e.V. Fulda\",\"url\":\"https:\/\/www.acr-fulda.de\/\",\"logo\":{\"@type\":\"ImageObject\",\"inLanguage\":\"de\",\"@id\":\"https:\/\/www.acr-fulda.de\/#\/schema\/logo\/image\/\",\"url\":\"https:\/\/i0.wp.com\/www.acr-fulda.de\/wp-content\/uploads\/2015\/11\/ACR-Logo_MASK-e1482574119922.png?fit=128%2C128&ssl=1\",\"contentUrl\":\"https:\/\/i0.wp.com\/www.acr-fulda.de\/wp-content\/uploads\/2015\/11\/ACR-Logo_MASK-e1482574119922.png?fit=128%2C128&ssl=1\",\"width\":128,\"height\":128,\"caption\":\"Aeroclub Rh\u00f6n e.V. Fulda\"},\"image\":{\"@id\":\"https:\/\/www.acr-fulda.de\/#\/schema\/logo\/image\/\"}}]}<\/script>\n<!-- \/ Yoast SEO plugin. -->","yoast_head_json":{"title":"Impressum - Aeroclub Rh\u00f6n e.V. Fulda","robots":{"index":"noindex","follow":"follow"},"og_locale":"de_DE","og_type":"article","og_title":"Impressum - Aeroclub Rh\u00f6n e.V. Fulda","og_description":"Angaben gem\u00e4\u00df \u00a7 5 TMG: Postanschrift: Aero-Club Rh\u00f6n e.V Fulda Olympiastrasse 8b 36041 Fulda Vertreten durch: Daniel K\u00fcmmel Kontakt: Telefon: 0661-21155 Telefax: 0661-9015583 E-Mail: info@acr-fulda.de Registereintrag: Eintragung im Vereinsregister: Registergericht: AG Fulda Registernummer: VR 518 Aufsichtsbeh\u00f6rde: Regierungspr\u00e4sidium Kassel Quelle: http:\/\/www.e-recht24.de Link auf die Datenschutzerkl\u00e4rung Rechtliche Hinweise Alle Rechte vorbehalten. Die hier zur Verf\u00fcgung gestellten Inhalte [&hellip;]","og_url":"https:\/\/www.acr-fulda.de\/?page_id=36","og_site_name":"Aeroclub Rh\u00f6n e.V. Fulda","article_modified_time":"2026-03-07T09:26:54+00:00","twitter_card":"summary_large_image","twitter_misc":{"Gesch\u00e4tzte Lesezeit":"2\u00a0Minuten"},"schema":{"@context":"https:\/\/schema.org","@graph":[{"@type":"WebPage","@id":"https:\/\/www.acr-fulda.de\/?page_id=36","url":"https:\/\/www.acr-fulda.de\/?page_id=36","name":"Impressum - Aeroclub Rh\u00f6n e.V. Fulda","isPartOf":{"@id":"https:\/\/www.acr-fulda.de\/#website"},"datePublished":"2015-04-17T20:15:42+00:00","dateModified":"2026-03-07T09:26:54+00:00","breadcrumb":{"@id":"https:\/\/www.acr-fulda.de\/?page_id=36#breadcrumb"},"inLanguage":"de","potentialAction":[{"@type":"ReadAction","target":["https:\/\/www.acr-fulda.de\/?page_id=36"]}]},{"@type":"BreadcrumbList","@id":"https:\/\/www.acr-fulda.de\/?page_id=36#breadcrumb","itemListElement":[{"@type":"ListItem","position":1,"name":"Startseite","item":"https:\/\/www.acr-fulda.de\/"},{"@type":"ListItem","position":2,"name":"Impressum"}]},{"@type":"WebSite","@id":"https:\/\/www.acr-fulda.de\/#website","url":"https:\/\/www.acr-fulda.de\/","name":"Aeroclub Rh\u00f6n e.V. Fulda","description":"Segelfliegen, Einf\u00fchrungsfl\u00fcge, Flugschule am  Stadtrand von Fulda","publisher":{"@id":"https:\/\/www.acr-fulda.de\/#organization"},"potentialAction":[{"@type":"SearchAction","target":{"@type":"EntryPoint","urlTemplate":"https:\/\/www.acr-fulda.de\/?s={search_term_string}"},"query-input":{"@type":"PropertyValueSpecification","valueRequired":true,"valueName":"search_term_string"}}],"inLanguage":"de"},{"@type":"Organization","@id":"https:\/\/www.acr-fulda.de\/#organization","name":"Aeroclub Rh\u00f6n e.V. Fulda","url":"https:\/\/www.acr-fulda.de\/","logo":{"@type":"ImageObject","inLanguage":"de","@id":"https:\/\/www.acr-fulda.de\/#\/schema\/logo\/image\/","url":"https:\/\/i0.wp.com\/www.acr-fulda.de\/wp-content\/uploads\/2015\/11\/ACR-Logo_MASK-e1482574119922.png?fit=128%2C128&ssl=1","contentUrl":"https:\/\/i0.wp.com\/www.acr-fulda.de\/wp-content\/uploads\/2015\/11\/ACR-Logo_MASK-e1482574119922.png?fit=128%2C128&ssl=1","width":128,"height":128,"caption":"Aeroclub Rh\u00f6n e.V. Fulda"},"image":{"@id":"https:\/\/www.acr-fulda.de\/#\/schema\/logo\/image\/"}}]}},"_links":{"self":[{"href":"https:\/\/www.acr-fulda.de\/index.php?rest_route=\/wp\/v2\/pages\/36","targetHints":{"allow":["GET"]}}],"collection":[{"href":"https:\/\/www.acr-fulda.de\/index.php?rest_route=\/wp\/v2\/pages"}],"about":[{"href":"https:\/\/www.acr-fulda.de\/index.php?rest_route=\/wp\/v2\/types\/page"}],"author":[{"embeddable":true,"href":"https:\/\/www.acr-fulda.de\/index.php?rest_route=\/wp\/v2\/users\/1"}],"replies":[{"embeddable":true,"href":"https:\/\/www.acr-fulda.de\/index.php?rest_route=%2Fwp%2Fv2%2Fcomments&post=36"}],"version-history":[{"count":9,"href":"https:\/\/www.acr-fulda.de\/index.php?rest_route=\/wp\/v2\/pages\/36\/revisions"}],"predecessor-version":[{"id":1780,"href":"https:\/\/www.acr-fulda.de\/index.php?rest_route=\/wp\/v2\/pages\/36\/revisions\/1780"}],"wp:attachment":[{"href":"https:\/\/www.acr-fulda.de\/index.php?rest_route=%2Fwp%2Fv2%2Fmedia&parent=36"}],"curies":[{"name":"wp","href":"https:\/\/api.w.org\/{rel}","templated":true}]}}