{"id":285,"date":"2015-10-31T12:35:08","date_gmt":"2015-10-31T11:35:08","guid":{"rendered":"http:\/\/www.acr-fulda.de\/?page_id=285"},"modified":"2015-10-31T12:38:30","modified_gmt":"2015-10-31T11:38:30","slug":"formalitaeten-zur-segelflug-ausbildung","status":"publish","type":"page","link":"https:\/\/www.acr-fulda.de\/?page_id=285","title":{"rendered":"Formalit\u00e4ten zur Segelflug-Ausbildung"},"content":{"rendered":"<p>Generell wird zur Ausbildung zum Segelflugzeugf\u00fchrer<\/p>\n<ul>\n<li>ein polizeiliches F\u00fchrungszeugnis,<\/li>\n<li>eine Kopie des Personalausweises,<\/li>\n<li>eine Auskunft aus dem Verkehrszentralregister,<\/li>\n<li>eine Auskunft vom Luftfahrtbundesamt,<\/li>\n<li>eine Selbsterkl\u00e4rung \u00fcber schwebende Strafverfahren und<\/li>\n<li>ein flieger\u00e4rztliches Tauglichkeitszeugnis<\/li>\n<\/ul>\n<p>ben\u00f6tigt. Nach der Ausbildung zum Segelflugzeugf\u00fchrer, kann bei uns auch die Klassenberechtigung f\u00fcr Motorsegler, die Windenfahrerlizenz und die Schleppberechtigung f\u00fcr Segelflugzeuge erworben werden, und noch einiges mehr.<\/p>\n<p><strong>Die Unterlagen werden jedoch erst im Laufe der Ausbildung ben\u00f6tigt.<\/strong> <em>Zu Beginn ist lediglich das polizeiliches F\u00fchrungszeugnis und dann sp\u00e4testens vor dem ersten Alleinflug das flieger\u00e4rztliche Tauglichkeitszeugnis (Klasse II) erforderlich.<\/em> Bei normaler k\u00f6rperlicher Verfassung stellt das kein Problem dar. Flieger\u00e4rzte sind speziell ausgebildete \u00c4rzte. Die meisten Mitglieder unseres Vereins konsultieren dazu Dr. Schaum in Gelnhausen, in Philippsthal w\u00e4re auch einer.<br \/>\nNach der Anmeldung beim Ausbildungsbetrieb und beim Sportverband (versicherungstechnisch erforderlich) k\u00f6nnte es dann auch schon losgehen.<\/p>\n<p>Wenn wir\u00a0eine Gruppe neuer Sch\u00fcler haben, f\u00fchren\u00a0wir im Winter einen Funksprechlehrgang und Theorieunterricht durch. Wer Interesse an der theoretischen Ausbildung hat, kann\u00a0im Winterhalbjahr gerne\u00a0daran teilnehmen, was sehr sinnvoll und relativ kosteng\u00fcnstig ist und die M\u00f6glichkeit bietet, vorab in die Materie &#8222;hinein zu schn\u00fcffeln&#8220;. Unterrichtsort ist im Allgemeinen die Jugendherberge in Fulda am Wochenende, die dazu optimale Voraussetzungen bietet. Das Funksprechzeugnis geh\u00f6rt zu der Ausbildung dazu.<\/p>\n<p>Da sicherlich noch eine Vielzahl an Fragen offen ist, w\u00e4re ein direktes Gespr\u00e4ch sehr sinnvoll. <a href=\"http:\/\/www.acr-fulda.de\/?page_id=39\">Hier<\/a> finden Sie ein Kontaktformular.<\/p>\n","protected":false},"excerpt":{"rendered":"<p>Generell wird zur Ausbildung zum Segelflugzeugf\u00fchrer ein polizeiliches F\u00fchrungszeugnis, eine Kopie des Personalausweises, eine Auskunft aus dem Verkehrszentralregister, eine Auskunft vom Luftfahrtbundesamt, eine Selbsterkl\u00e4rung \u00fcber schwebende Strafverfahren und ein flieger\u00e4rztliches Tauglichkeitszeugnis ben\u00f6tigt. Nach der Ausbildung zum Segelflugzeugf\u00fchrer, kann bei uns auch die Klassenberechtigung f\u00fcr Motorsegler, die Windenfahrerlizenz und die Schleppberechtigung f\u00fcr Segelflugzeuge erworben werden, und [&hellip;]<\/p>\n","protected":false},"author":1,"featured_media":0,"parent":0,"menu_order":0,"comment_status":"closed","ping_status":"closed","template":"","meta":{"_acf_changed":false,"wikipediapreview_detectlinks":true,"ngg_post_thumbnail":0,"_mc_calendar":[],"footnotes":""},"class_list":["post-285","page","type-page","status-publish","czr-hentry"],"acf":[],"yoast_head":"<!-- This site is optimized with the Yoast SEO plugin v26.6 - https:\/\/yoast.com\/wordpress\/plugins\/seo\/ -->\n<title>Formalit\u00e4ten zur Segelflug-Ausbildung - Aeroclub Rh\u00f6n e.V. Fulda<\/title>\n<meta name=\"robots\" content=\"noindex, follow\" \/>\n<meta property=\"og:locale\" content=\"de_DE\" \/>\n<meta property=\"og:type\" content=\"article\" \/>\n<meta property=\"og:title\" content=\"Formalit\u00e4ten zur Segelflug-Ausbildung - Aeroclub Rh\u00f6n e.V. Fulda\" \/>\n<meta property=\"og:description\" content=\"Generell wird zur Ausbildung zum Segelflugzeugf\u00fchrer ein polizeiliches F\u00fchrungszeugnis, eine Kopie des Personalausweises, eine Auskunft aus dem Verkehrszentralregister, eine Auskunft vom Luftfahrtbundesamt, eine Selbsterkl\u00e4rung \u00fcber schwebende Strafverfahren und ein flieger\u00e4rztliches Tauglichkeitszeugnis ben\u00f6tigt. Nach der Ausbildung zum Segelflugzeugf\u00fchrer, kann bei uns auch die Klassenberechtigung f\u00fcr Motorsegler, die Windenfahrerlizenz und die Schleppberechtigung f\u00fcr Segelflugzeuge erworben werden, und [&hellip;]\" \/>\n<meta property=\"og:url\" content=\"https:\/\/www.acr-fulda.de\/?page_id=285\" \/>\n<meta property=\"og:site_name\" content=\"Aeroclub Rh\u00f6n e.V. Fulda\" \/>\n<meta property=\"article:modified_time\" content=\"2015-10-31T11:38:30+00:00\" \/>\n<meta name=\"twitter:card\" content=\"summary_large_image\" \/>\n<meta name=\"twitter:label1\" content=\"Gesch\u00e4tzte Lesezeit\" \/>\n\t<meta name=\"twitter:data1\" content=\"1\u00a0Minute\" \/>\n<script type=\"application\/ld+json\" class=\"yoast-schema-graph\">{\"@context\":\"https:\/\/schema.org\",\"@graph\":[{\"@type\":\"WebPage\",\"@id\":\"https:\/\/www.acr-fulda.de\/?page_id=285\",\"url\":\"https:\/\/www.acr-fulda.de\/?page_id=285\",\"name\":\"Formalit\u00e4ten zur Segelflug-Ausbildung - Aeroclub Rh\u00f6n e.V. Fulda\",\"isPartOf\":{\"@id\":\"https:\/\/www.acr-fulda.de\/#website\"},\"datePublished\":\"2015-10-31T11:35:08+00:00\",\"dateModified\":\"2015-10-31T11:38:30+00:00\",\"breadcrumb\":{\"@id\":\"https:\/\/www.acr-fulda.de\/?page_id=285#breadcrumb\"},\"inLanguage\":\"de\",\"potentialAction\":[{\"@type\":\"ReadAction\",\"target\":[\"https:\/\/www.acr-fulda.de\/?page_id=285\"]}]},{\"@type\":\"BreadcrumbList\",\"@id\":\"https:\/\/www.acr-fulda.de\/?page_id=285#breadcrumb\",\"itemListElement\":[{\"@type\":\"ListItem\",\"position\":1,\"name\":\"Startseite\",\"item\":\"https:\/\/www.acr-fulda.de\/\"},{\"@type\":\"ListItem\",\"position\":2,\"name\":\"Formalit\u00e4ten zur Segelflug-Ausbildung\"}]},{\"@type\":\"WebSite\",\"@id\":\"https:\/\/www.acr-fulda.de\/#website\",\"url\":\"https:\/\/www.acr-fulda.de\/\",\"name\":\"Aeroclub Rh\u00f6n e.V. Fulda\",\"description\":\"Segelfliegen, Einf\u00fchrungsfl\u00fcge, Flugschule am  Stadtrand von Fulda\",\"publisher\":{\"@id\":\"https:\/\/www.acr-fulda.de\/#organization\"},\"potentialAction\":[{\"@type\":\"SearchAction\",\"target\":{\"@type\":\"EntryPoint\",\"urlTemplate\":\"https:\/\/www.acr-fulda.de\/?s={search_term_string}\"},\"query-input\":{\"@type\":\"PropertyValueSpecification\",\"valueRequired\":true,\"valueName\":\"search_term_string\"}}],\"inLanguage\":\"de\"},{\"@type\":\"Organization\",\"@id\":\"https:\/\/www.acr-fulda.de\/#organization\",\"name\":\"Aeroclub Rh\u00f6n e.V. Fulda\",\"url\":\"https:\/\/www.acr-fulda.de\/\",\"logo\":{\"@type\":\"ImageObject\",\"inLanguage\":\"de\",\"@id\":\"https:\/\/www.acr-fulda.de\/#\/schema\/logo\/image\/\",\"url\":\"https:\/\/i0.wp.com\/www.acr-fulda.de\/wp-content\/uploads\/2015\/11\/ACR-Logo_MASK-e1482574119922.png?fit=128%2C128&ssl=1\",\"contentUrl\":\"https:\/\/i0.wp.com\/www.acr-fulda.de\/wp-content\/uploads\/2015\/11\/ACR-Logo_MASK-e1482574119922.png?fit=128%2C128&ssl=1\",\"width\":128,\"height\":128,\"caption\":\"Aeroclub Rh\u00f6n e.V. Fulda\"},\"image\":{\"@id\":\"https:\/\/www.acr-fulda.de\/#\/schema\/logo\/image\/\"}}]}<\/script>\n<!-- \/ Yoast SEO plugin. -->","yoast_head_json":{"title":"Formalit\u00e4ten zur Segelflug-Ausbildung - Aeroclub Rh\u00f6n e.V. Fulda","robots":{"index":"noindex","follow":"follow"},"og_locale":"de_DE","og_type":"article","og_title":"Formalit\u00e4ten zur Segelflug-Ausbildung - Aeroclub Rh\u00f6n e.V. Fulda","og_description":"Generell wird zur Ausbildung zum Segelflugzeugf\u00fchrer ein polizeiliches F\u00fchrungszeugnis, eine Kopie des Personalausweises, eine Auskunft aus dem Verkehrszentralregister, eine Auskunft vom Luftfahrtbundesamt, eine Selbsterkl\u00e4rung \u00fcber schwebende Strafverfahren und ein flieger\u00e4rztliches Tauglichkeitszeugnis ben\u00f6tigt. Nach der Ausbildung zum Segelflugzeugf\u00fchrer, kann bei uns auch die Klassenberechtigung f\u00fcr Motorsegler, die Windenfahrerlizenz und die Schleppberechtigung f\u00fcr Segelflugzeuge erworben werden, und [&hellip;]","og_url":"https:\/\/www.acr-fulda.de\/?page_id=285","og_site_name":"Aeroclub Rh\u00f6n e.V. Fulda","article_modified_time":"2015-10-31T11:38:30+00:00","twitter_card":"summary_large_image","twitter_misc":{"Gesch\u00e4tzte Lesezeit":"1\u00a0Minute"},"schema":{"@context":"https:\/\/schema.org","@graph":[{"@type":"WebPage","@id":"https:\/\/www.acr-fulda.de\/?page_id=285","url":"https:\/\/www.acr-fulda.de\/?page_id=285","name":"Formalit\u00e4ten zur Segelflug-Ausbildung - Aeroclub Rh\u00f6n e.V. Fulda","isPartOf":{"@id":"https:\/\/www.acr-fulda.de\/#website"},"datePublished":"2015-10-31T11:35:08+00:00","dateModified":"2015-10-31T11:38:30+00:00","breadcrumb":{"@id":"https:\/\/www.acr-fulda.de\/?page_id=285#breadcrumb"},"inLanguage":"de","potentialAction":[{"@type":"ReadAction","target":["https:\/\/www.acr-fulda.de\/?page_id=285"]}]},{"@type":"BreadcrumbList","@id":"https:\/\/www.acr-fulda.de\/?page_id=285#breadcrumb","itemListElement":[{"@type":"ListItem","position":1,"name":"Startseite","item":"https:\/\/www.acr-fulda.de\/"},{"@type":"ListItem","position":2,"name":"Formalit\u00e4ten zur Segelflug-Ausbildung"}]},{"@type":"WebSite","@id":"https:\/\/www.acr-fulda.de\/#website","url":"https:\/\/www.acr-fulda.de\/","name":"Aeroclub Rh\u00f6n e.V. Fulda","description":"Segelfliegen, Einf\u00fchrungsfl\u00fcge, Flugschule am  Stadtrand von Fulda","publisher":{"@id":"https:\/\/www.acr-fulda.de\/#organization"},"potentialAction":[{"@type":"SearchAction","target":{"@type":"EntryPoint","urlTemplate":"https:\/\/www.acr-fulda.de\/?s={search_term_string}"},"query-input":{"@type":"PropertyValueSpecification","valueRequired":true,"valueName":"search_term_string"}}],"inLanguage":"de"},{"@type":"Organization","@id":"https:\/\/www.acr-fulda.de\/#organization","name":"Aeroclub Rh\u00f6n e.V. Fulda","url":"https:\/\/www.acr-fulda.de\/","logo":{"@type":"ImageObject","inLanguage":"de","@id":"https:\/\/www.acr-fulda.de\/#\/schema\/logo\/image\/","url":"https:\/\/i0.wp.com\/www.acr-fulda.de\/wp-content\/uploads\/2015\/11\/ACR-Logo_MASK-e1482574119922.png?fit=128%2C128&ssl=1","contentUrl":"https:\/\/i0.wp.com\/www.acr-fulda.de\/wp-content\/uploads\/2015\/11\/ACR-Logo_MASK-e1482574119922.png?fit=128%2C128&ssl=1","width":128,"height":128,"caption":"Aeroclub Rh\u00f6n e.V. Fulda"},"image":{"@id":"https:\/\/www.acr-fulda.de\/#\/schema\/logo\/image\/"}}]}},"_links":{"self":[{"href":"https:\/\/www.acr-fulda.de\/index.php?rest_route=\/wp\/v2\/pages\/285","targetHints":{"allow":["GET"]}}],"collection":[{"href":"https:\/\/www.acr-fulda.de\/index.php?rest_route=\/wp\/v2\/pages"}],"about":[{"href":"https:\/\/www.acr-fulda.de\/index.php?rest_route=\/wp\/v2\/types\/page"}],"author":[{"embeddable":true,"href":"https:\/\/www.acr-fulda.de\/index.php?rest_route=\/wp\/v2\/users\/1"}],"replies":[{"embeddable":true,"href":"https:\/\/www.acr-fulda.de\/index.php?rest_route=%2Fwp%2Fv2%2Fcomments&post=285"}],"version-history":[{"count":2,"href":"https:\/\/www.acr-fulda.de\/index.php?rest_route=\/wp\/v2\/pages\/285\/revisions"}],"predecessor-version":[{"id":288,"href":"https:\/\/www.acr-fulda.de\/index.php?rest_route=\/wp\/v2\/pages\/285\/revisions\/288"}],"wp:attachment":[{"href":"https:\/\/www.acr-fulda.de\/index.php?rest_route=%2Fwp%2Fv2%2Fmedia&parent=285"}],"curies":[{"name":"wp","href":"https:\/\/api.w.org\/{rel}","templated":true}]}}