{"id":1772,"date":"2026-03-06T16:50:17","date_gmt":"2026-03-06T15:50:17","guid":{"rendered":"https:\/\/www.acr-fulda.de\/?page_id=1772"},"modified":"2026-03-06T17:09:06","modified_gmt":"2026-03-06T16:09:06","slug":"hessentag","status":"publish","type":"page","link":"https:\/\/www.acr-fulda.de\/","title":{"rendered":"Hessentag 2026"},"content":{"rendered":"<p>Im Rahmen des Hessentages, der im Sommer 2026 in Fulda stattfindet, wird unser Flugplatz als PKW-Parkplatz zweckentfremdet. Deshalb gilt:<\/p>\n<h1><span style=\"color: #ff0000;\">Ab 31.05.2026: Keine Start- und Landem\u00f6glichkeit im Segelfluggel\u00e4nde Fulda Johannisau!<\/span><\/h1>\n<ul>\n<li>Die Startbahnen 23\/05 bzw 25\/07 sind nicht nutzbar!<\/li>\n<li>Es befinden sich Personen und Fahrzeuge auf dem Gel\u00e4nde!<\/li>\n<li>Das Gel\u00e4nde ist mit Absperrz\u00e4unen, Lichtmasten und weiteren Hindernissen verbaut!<\/li>\n<li>Gem\u00e4\u00df Planung wird der Flugplatz erst wieder ab August 2026 in einem befliegbaren Zustand sein. Siehe auch auf der Seite <a href=\"https:\/\/www.acr-fulda.de\/?page_id=61\">Anflug-Information<\/a>.<\/li>\n<\/ul>\n<p>&nbsp;<\/p>\n<p style=\"text-align: center;\"><img loading=\"lazy\" decoding=\"async\" class=\"alignnone size-full wp-image-1774\" src=\"https:\/\/www.acr-fulda.de\/wp-content\/uploads\/2026\/03\/Hessentag-Logo_4c_400.jpeg\" alt=\"\" width=\"400\" height=\"481\"><img loading=\"lazy\" decoding=\"async\" class=\"alignnone size-full wp-image-1294\" src=\"https:\/\/www.acr-fulda.de\/wp-content\/uploads\/2023\/05\/Parkplatz2-scaled-e1772813274179.jpeg\" alt=\"\" width=\"400\" height=\"533\"><\/p>\n<p>Aufgrund der Nutzung des Startplatzes als Parkplatz wird der Aeroclub seine Flugzeuge in der Flugsaison 2026 ab Juni auf die benachbarten Flugpl\u00e4tze Lauterbach (EDFT) und &#8222;Der Pl\u00e4tzer&#8220; bei Burghaun in der N\u00e4he von H\u00fcnfeld verlagern.<\/p>\n","protected":false},"excerpt":{"rendered":"<p>Im Rahmen des Hessentages, der im Sommer 2026 in Fulda stattfindet, wird unser Flugplatz als PKW-Parkplatz zweckentfremdet. Deshalb gilt: Ab 31.05.2026: Keine Start- und Landem\u00f6glichkeit im Segelfluggel\u00e4nde Fulda Johannisau! Die Startbahnen 23\/05 bzw 25\/07 sind nicht nutzbar! Es befinden sich Personen und Fahrzeuge auf dem Gel\u00e4nde! Das Gel\u00e4nde ist mit Absperrz\u00e4unen, Lichtmasten und weiteren Hindernissen [&hellip;]<\/p>\n","protected":false},"author":1,"featured_media":1504,"parent":0,"menu_order":0,"comment_status":"closed","ping_status":"closed","template":"","meta":{"_acf_changed":false,"wikipediapreview_detectlinks":true,"ngg_post_thumbnail":0,"_mc_calendar":[],"footnotes":""},"class_list":["post-1772","page","type-page","status-publish","has-post-thumbnail","czr-hentry"],"acf":[],"yoast_head":"<!-- This site is optimized with the Yoast SEO plugin v26.6 - https:\/\/yoast.com\/wordpress\/plugins\/seo\/ -->\n<title>Hessentag 2026 - Aeroclub Rh\u00f6n e.V. Fulda<\/title>\n<meta name=\"robots\" content=\"noindex, follow\" \/>\n<meta property=\"og:locale\" content=\"de_DE\" \/>\n<meta property=\"og:type\" content=\"article\" \/>\n<meta property=\"og:title\" content=\"Hessentag 2026 - Aeroclub Rh\u00f6n e.V. Fulda\" \/>\n<meta property=\"og:description\" content=\"Im Rahmen des Hessentages, der im Sommer 2026 in Fulda stattfindet, wird unser Flugplatz als PKW-Parkplatz zweckentfremdet. Deshalb gilt: Ab 31.05.2026: Keine Start- und Landem\u00f6glichkeit im Segelfluggel\u00e4nde Fulda Johannisau! Die Startbahnen 23\/05 bzw 25\/07 sind nicht nutzbar! Es befinden sich Personen und Fahrzeuge auf dem Gel\u00e4nde! Das Gel\u00e4nde ist mit Absperrz\u00e4unen, Lichtmasten und weiteren Hindernissen [&hellip;]\" \/>\n<meta property=\"og:url\" content=\"https:\/\/www.acr-fulda.de\/\" \/>\n<meta property=\"og:site_name\" content=\"Aeroclub Rh\u00f6n e.V. Fulda\" \/>\n<meta property=\"article:modified_time\" content=\"2026-03-06T16:09:06+00:00\" \/>\n<meta property=\"og:image\" content=\"https:\/\/www.acr-fulda.de\/wp-content\/uploads\/2015\/04\/cropped-cropped-cropped-ACR_logo_blue_neuer.png\" \/>\n\t<meta property=\"og:image:width\" content=\"126\" \/>\n\t<meta property=\"og:image:height\" content=\"127\" \/>\n\t<meta property=\"og:image:type\" content=\"image\/png\" \/>\n<meta name=\"twitter:card\" content=\"summary_large_image\" \/>\n<meta name=\"twitter:label1\" content=\"Gesch\u00e4tzte Lesezeit\" \/>\n\t<meta name=\"twitter:data1\" content=\"2\u00a0Minuten\" \/>\n<script type=\"application\/ld+json\" class=\"yoast-schema-graph\">{\"@context\":\"https:\/\/schema.org\",\"@graph\":[{\"@type\":\"WebPage\",\"@id\":\"https:\/\/www.acr-fulda.de\/\",\"url\":\"https:\/\/www.acr-fulda.de\/\",\"name\":\"Hessentag 2026 - Aeroclub Rh\u00f6n e.V. Fulda\",\"isPartOf\":{\"@id\":\"https:\/\/www.acr-fulda.de\/#website\"},\"primaryImageOfPage\":{\"@id\":\"https:\/\/www.acr-fulda.de\/#primaryimage\"},\"image\":{\"@id\":\"https:\/\/www.acr-fulda.de\/#primaryimage\"},\"thumbnailUrl\":\"https:\/\/acr-fulda.de\/wp-content\/uploads\/2015\/04\/cropped-cropped-cropped-ACR_logo_blue_neuer.png\",\"datePublished\":\"2026-03-06T15:50:17+00:00\",\"dateModified\":\"2026-03-06T16:09:06+00:00\",\"breadcrumb\":{\"@id\":\"https:\/\/www.acr-fulda.de\/#breadcrumb\"},\"inLanguage\":\"de\",\"potentialAction\":[{\"@type\":\"ReadAction\",\"target\":[\"https:\/\/www.acr-fulda.de\/\"]}]},{\"@type\":\"ImageObject\",\"inLanguage\":\"de\",\"@id\":\"https:\/\/www.acr-fulda.de\/#primaryimage\",\"url\":\"https:\/\/acr-fulda.de\/wp-content\/uploads\/2015\/04\/cropped-cropped-cropped-ACR_logo_blue_neuer.png\",\"contentUrl\":\"https:\/\/acr-fulda.de\/wp-content\/uploads\/2015\/04\/cropped-cropped-cropped-ACR_logo_blue_neuer.png\",\"width\":126,\"height\":127,\"caption\":\"Das Klassische Wappen des Aeroclub Rh\u00f6n e.V. Fulda\"},{\"@type\":\"BreadcrumbList\",\"@id\":\"https:\/\/www.acr-fulda.de\/#breadcrumb\",\"itemListElement\":[{\"@type\":\"ListItem\",\"position\":1,\"name\":\"Startseite\",\"item\":\"https:\/\/www.acr-fulda.de\/\"},{\"@type\":\"ListItem\",\"position\":2,\"name\":\"Hessentag 2026\"}]},{\"@type\":\"WebSite\",\"@id\":\"https:\/\/www.acr-fulda.de\/#website\",\"url\":\"https:\/\/www.acr-fulda.de\/\",\"name\":\"Aeroclub Rh\u00f6n e.V. Fulda\",\"description\":\"Segelfliegen, Einf\u00fchrungsfl\u00fcge, Flugschule am  Stadtrand von Fulda\",\"publisher\":{\"@id\":\"https:\/\/www.acr-fulda.de\/#organization\"},\"potentialAction\":[{\"@type\":\"SearchAction\",\"target\":{\"@type\":\"EntryPoint\",\"urlTemplate\":\"https:\/\/www.acr-fulda.de\/?s={search_term_string}\"},\"query-input\":{\"@type\":\"PropertyValueSpecification\",\"valueRequired\":true,\"valueName\":\"search_term_string\"}}],\"inLanguage\":\"de\"},{\"@type\":\"Organization\",\"@id\":\"https:\/\/www.acr-fulda.de\/#organization\",\"name\":\"Aeroclub Rh\u00f6n e.V. Fulda\",\"url\":\"https:\/\/www.acr-fulda.de\/\",\"logo\":{\"@type\":\"ImageObject\",\"inLanguage\":\"de\",\"@id\":\"https:\/\/www.acr-fulda.de\/#\/schema\/logo\/image\/\",\"url\":\"https:\/\/i0.wp.com\/www.acr-fulda.de\/wp-content\/uploads\/2015\/11\/ACR-Logo_MASK-e1482574119922.png?fit=128%2C128&ssl=1\",\"contentUrl\":\"https:\/\/i0.wp.com\/www.acr-fulda.de\/wp-content\/uploads\/2015\/11\/ACR-Logo_MASK-e1482574119922.png?fit=128%2C128&ssl=1\",\"width\":128,\"height\":128,\"caption\":\"Aeroclub Rh\u00f6n e.V. Fulda\"},\"image\":{\"@id\":\"https:\/\/www.acr-fulda.de\/#\/schema\/logo\/image\/\"}}]}<\/script>\n<!-- \/ Yoast SEO plugin. -->","yoast_head_json":{"title":"Hessentag 2026 - Aeroclub Rh\u00f6n e.V. Fulda","robots":{"index":"noindex","follow":"follow"},"og_locale":"de_DE","og_type":"article","og_title":"Hessentag 2026 - Aeroclub Rh\u00f6n e.V. Fulda","og_description":"Im Rahmen des Hessentages, der im Sommer 2026 in Fulda stattfindet, wird unser Flugplatz als PKW-Parkplatz zweckentfremdet. Deshalb gilt: Ab 31.05.2026: Keine Start- und Landem\u00f6glichkeit im Segelfluggel\u00e4nde Fulda Johannisau! Die Startbahnen 23\/05 bzw 25\/07 sind nicht nutzbar! Es befinden sich Personen und Fahrzeuge auf dem Gel\u00e4nde! Das Gel\u00e4nde ist mit Absperrz\u00e4unen, Lichtmasten und weiteren Hindernissen [&hellip;]","og_url":"https:\/\/www.acr-fulda.de\/","og_site_name":"Aeroclub Rh\u00f6n e.V. Fulda","article_modified_time":"2026-03-06T16:09:06+00:00","og_image":[{"width":126,"height":127,"url":"https:\/\/www.acr-fulda.de\/wp-content\/uploads\/2015\/04\/cropped-cropped-cropped-ACR_logo_blue_neuer.png","type":"image\/png"}],"twitter_card":"summary_large_image","twitter_misc":{"Gesch\u00e4tzte Lesezeit":"2\u00a0Minuten"},"schema":{"@context":"https:\/\/schema.org","@graph":[{"@type":"WebPage","@id":"https:\/\/www.acr-fulda.de\/","url":"https:\/\/www.acr-fulda.de\/","name":"Hessentag 2026 - Aeroclub Rh\u00f6n e.V. Fulda","isPartOf":{"@id":"https:\/\/www.acr-fulda.de\/#website"},"primaryImageOfPage":{"@id":"https:\/\/www.acr-fulda.de\/#primaryimage"},"image":{"@id":"https:\/\/www.acr-fulda.de\/#primaryimage"},"thumbnailUrl":"https:\/\/acr-fulda.de\/wp-content\/uploads\/2015\/04\/cropped-cropped-cropped-ACR_logo_blue_neuer.png","datePublished":"2026-03-06T15:50:17+00:00","dateModified":"2026-03-06T16:09:06+00:00","breadcrumb":{"@id":"https:\/\/www.acr-fulda.de\/#breadcrumb"},"inLanguage":"de","potentialAction":[{"@type":"ReadAction","target":["https:\/\/www.acr-fulda.de\/"]}]},{"@type":"ImageObject","inLanguage":"de","@id":"https:\/\/www.acr-fulda.de\/#primaryimage","url":"https:\/\/acr-fulda.de\/wp-content\/uploads\/2015\/04\/cropped-cropped-cropped-ACR_logo_blue_neuer.png","contentUrl":"https:\/\/acr-fulda.de\/wp-content\/uploads\/2015\/04\/cropped-cropped-cropped-ACR_logo_blue_neuer.png","width":126,"height":127,"caption":"Das Klassische Wappen des Aeroclub Rh\u00f6n e.V. Fulda"},{"@type":"BreadcrumbList","@id":"https:\/\/www.acr-fulda.de\/#breadcrumb","itemListElement":[{"@type":"ListItem","position":1,"name":"Startseite","item":"https:\/\/www.acr-fulda.de\/"},{"@type":"ListItem","position":2,"name":"Hessentag 2026"}]},{"@type":"WebSite","@id":"https:\/\/www.acr-fulda.de\/#website","url":"https:\/\/www.acr-fulda.de\/","name":"Aeroclub Rh\u00f6n e.V. Fulda","description":"Segelfliegen, Einf\u00fchrungsfl\u00fcge, Flugschule am  Stadtrand von Fulda","publisher":{"@id":"https:\/\/www.acr-fulda.de\/#organization"},"potentialAction":[{"@type":"SearchAction","target":{"@type":"EntryPoint","urlTemplate":"https:\/\/www.acr-fulda.de\/?s={search_term_string}"},"query-input":{"@type":"PropertyValueSpecification","valueRequired":true,"valueName":"search_term_string"}}],"inLanguage":"de"},{"@type":"Organization","@id":"https:\/\/www.acr-fulda.de\/#organization","name":"Aeroclub Rh\u00f6n e.V. Fulda","url":"https:\/\/www.acr-fulda.de\/","logo":{"@type":"ImageObject","inLanguage":"de","@id":"https:\/\/www.acr-fulda.de\/#\/schema\/logo\/image\/","url":"https:\/\/i0.wp.com\/www.acr-fulda.de\/wp-content\/uploads\/2015\/11\/ACR-Logo_MASK-e1482574119922.png?fit=128%2C128&ssl=1","contentUrl":"https:\/\/i0.wp.com\/www.acr-fulda.de\/wp-content\/uploads\/2015\/11\/ACR-Logo_MASK-e1482574119922.png?fit=128%2C128&ssl=1","width":128,"height":128,"caption":"Aeroclub Rh\u00f6n e.V. Fulda"},"image":{"@id":"https:\/\/www.acr-fulda.de\/#\/schema\/logo\/image\/"}}]}},"_links":{"self":[{"href":"https:\/\/www.acr-fulda.de\/index.php?rest_route=\/wp\/v2\/pages\/1772","targetHints":{"allow":["GET"]}}],"collection":[{"href":"https:\/\/www.acr-fulda.de\/index.php?rest_route=\/wp\/v2\/pages"}],"about":[{"href":"https:\/\/www.acr-fulda.de\/index.php?rest_route=\/wp\/v2\/types\/page"}],"author":[{"embeddable":true,"href":"https:\/\/www.acr-fulda.de\/index.php?rest_route=\/wp\/v2\/users\/1"}],"replies":[{"embeddable":true,"href":"https:\/\/www.acr-fulda.de\/index.php?rest_route=%2Fwp%2Fv2%2Fcomments&post=1772"}],"version-history":[{"count":3,"href":"https:\/\/www.acr-fulda.de\/index.php?rest_route=\/wp\/v2\/pages\/1772\/revisions"}],"predecessor-version":[{"id":1778,"href":"https:\/\/www.acr-fulda.de\/index.php?rest_route=\/wp\/v2\/pages\/1772\/revisions\/1778"}],"wp:featuredmedia":[{"embeddable":true,"href":"https:\/\/www.acr-fulda.de\/index.php?rest_route=\/wp\/v2\/media\/1504"}],"wp:attachment":[{"href":"https:\/\/www.acr-fulda.de\/index.php?rest_route=%2Fwp%2Fv2%2Fmedia&parent=1772"}],"curies":[{"name":"wp","href":"https:\/\/api.w.org\/{rel}","templated":true}]}}