{"id":13,"date":"2015-04-16T23:08:20","date_gmt":"2015-04-16T21:08:20","guid":{"rendered":"http:\/\/www.acr-fulda.de\/?page_id=13"},"modified":"2021-04-16T14:31:24","modified_gmt":"2021-04-16T12:31:24","slug":"flugschule","status":"publish","type":"page","link":"https:\/\/www.acr-fulda.de\/?page_id=13","title":{"rendered":"Flugschule"},"content":{"rendered":"<div id=\"attachment_107\" style=\"width: 760px\" class=\"wp-caption aligncenter\"><img loading=\"lazy\" decoding=\"async\" aria-describedby=\"caption-attachment-107\" class=\"wp-image-107\" src=\"http:\/\/www.acr-fulda.de\/wp-content\/uploads\/2015\/04\/header_ORIGINAL.jpg\" alt=\"flyOVERfulda\" width=\"750\" height=\"355\" srcset=\"https:\/\/www.acr-fulda.de\/wp-content\/uploads\/2015\/04\/header_ORIGINAL.jpg 950w, https:\/\/www.acr-fulda.de\/wp-content\/uploads\/2015\/04\/header_ORIGINAL-500x237.jpg 500w\" sizes=\"auto, (max-width: 750px) 100vw, 750px\" \/><p id=\"caption-attachment-107\" class=\"wp-caption-text\">Fliegen \u00fcber Fulda<\/p><\/div>\n<h1>Der Aero-Club Rh\u00f6n e.V. Fulda ist eine zertifizierte Flugschule (DTO)<\/h1>\n<p>&nbsp;<\/p>\n<p><b>Segelflug<\/b><\/p>\n<p>Mit der Ausbildung zum Segelflugzeugf\u00fchrer kann bereits mit dem 14. Lebensjahr begonnen werden. Der Lizenzerhalt erfolgt ab dem 16. Lebensjahr. Die Ausbildungsdauer in unserem Verein betr\u00e4gt in der Regel 2 Jahre. Hierf\u00fcr stehen 4 ehrenamtliche Fluglehrer bereit.<\/p>\n<p>Die Ausbildung findet bei uns auf einer ASK21 statt. Es k\u00f6nnen Windenstarts an unserer leistungsf\u00e4higen Startwinde, sowie Schleppfl\u00fcge hinter einem Motorsegler durchgef\u00fchrt werden. Sp\u00e4ter kann auch die Startart &#8222;Eigenstart&#8220; auf unseren Kunststoffsegelflugzeugen erworben werden.<\/p>\n<p>Besonders f\u00fcr Jugendliche, Azubis und Studenten bieten wir eine kosteng\u00fcnstige M\u00f6glichkeit sich den Traum vom Fliegen zu erf\u00fcllen.<\/p>\n<p>&nbsp;<\/p>\n<p><b>Motorsegler<\/b><\/p>\n<p>Schon w\u00e4hrend der Ausbildung zum Segelflugzeugf\u00fchrer kann parallel mit der Ausbildung auf dem Motorsegler begonnen werden. Der Motorsegler ist eine phantastische Symbiose aus Segelflugzeug und Motorflugzeug. Lange Segelfl\u00fcge sind mit ihm genauso m\u00f6glich, wie schnelle Reisefl\u00fcge zu einem vorher festgelegten Ziel. Die Lizenz zum F\u00fchren eines Motorseglers wird nach erfolgreicher Umschulung als weitere Berechtigung in den Segelflugschein eingetragen.<\/p>\n<p>&nbsp;<\/p>\n<p><a href=\"http:\/\/www.acr-fulda.de\/?page_id=39\">Mehr erfahren &#8230;<\/a><a href=\"http:\/\/www.acr-fulda.de\/wp-content\/uploads\/2015\/04\/header_ORIGINAL.jpg\"><br \/>\n<\/a><\/p>\n","protected":false},"excerpt":{"rendered":"<p>Der Aero-Club Rh\u00f6n e.V. Fulda ist eine zertifizierte Flugschule (DTO) &nbsp; Segelflug Mit der Ausbildung zum Segelflugzeugf\u00fchrer kann bereits mit dem 14. Lebensjahr begonnen werden. Der Lizenzerhalt erfolgt ab dem 16. Lebensjahr. Die Ausbildungsdauer in unserem Verein betr\u00e4gt in der Regel 2 Jahre. Hierf\u00fcr stehen 4 ehrenamtliche Fluglehrer bereit. Die Ausbildung findet bei uns auf [&hellip;]<\/p>\n","protected":false},"author":1,"featured_media":17,"parent":0,"menu_order":0,"comment_status":"open","ping_status":"open","template":"","meta":{"_acf_changed":false,"wikipediapreview_detectlinks":true,"ngg_post_thumbnail":0,"_mc_calendar":[],"footnotes":""},"class_list":["post-13","page","type-page","status-publish","has-post-thumbnail","czr-hentry"],"acf":[],"yoast_head":"<!-- This site is optimized with the Yoast SEO plugin v26.6 - https:\/\/yoast.com\/wordpress\/plugins\/seo\/ -->\n<title>Flugschule - Aeroclub Rh\u00f6n e.V. Fulda<\/title>\n<meta name=\"robots\" content=\"noindex, follow\" \/>\n<meta property=\"og:locale\" content=\"de_DE\" \/>\n<meta property=\"og:type\" content=\"article\" \/>\n<meta property=\"og:title\" content=\"Flugschule - Aeroclub Rh\u00f6n e.V. Fulda\" \/>\n<meta property=\"og:description\" content=\"Der Aero-Club Rh\u00f6n e.V. Fulda ist eine zertifizierte Flugschule (DTO) &nbsp; Segelflug Mit der Ausbildung zum Segelflugzeugf\u00fchrer kann bereits mit dem 14. Lebensjahr begonnen werden. Der Lizenzerhalt erfolgt ab dem 16. Lebensjahr. Die Ausbildungsdauer in unserem Verein betr\u00e4gt in der Regel 2 Jahre. Hierf\u00fcr stehen 4 ehrenamtliche Fluglehrer bereit. Die Ausbildung findet bei uns auf [&hellip;]\" \/>\n<meta property=\"og:url\" content=\"https:\/\/www.acr-fulda.de\/?page_id=13\" \/>\n<meta property=\"og:site_name\" content=\"Aeroclub Rh\u00f6n e.V. Fulda\" \/>\n<meta property=\"article:modified_time\" content=\"2021-04-16T12:31:24+00:00\" \/>\n<meta property=\"og:image\" content=\"https:\/\/www.acr-fulda.de\/wp-content\/uploads\/2015\/04\/Schulung.jpg\" \/>\n\t<meta property=\"og:image:width\" content=\"768\" \/>\n\t<meta property=\"og:image:height\" content=\"1024\" \/>\n\t<meta property=\"og:image:type\" content=\"image\/jpeg\" \/>\n<meta name=\"twitter:card\" content=\"summary_large_image\" \/>\n<meta name=\"twitter:label1\" content=\"Gesch\u00e4tzte Lesezeit\" \/>\n\t<meta name=\"twitter:data1\" content=\"1\u00a0Minute\" \/>\n<script type=\"application\/ld+json\" class=\"yoast-schema-graph\">{\"@context\":\"https:\/\/schema.org\",\"@graph\":[{\"@type\":\"WebPage\",\"@id\":\"https:\/\/www.acr-fulda.de\/?page_id=13\",\"url\":\"https:\/\/www.acr-fulda.de\/?page_id=13\",\"name\":\"Flugschule - Aeroclub Rh\u00f6n e.V. Fulda\",\"isPartOf\":{\"@id\":\"https:\/\/www.acr-fulda.de\/#website\"},\"primaryImageOfPage\":{\"@id\":\"https:\/\/www.acr-fulda.de\/?page_id=13#primaryimage\"},\"image\":{\"@id\":\"https:\/\/www.acr-fulda.de\/?page_id=13#primaryimage\"},\"thumbnailUrl\":\"https:\/\/www.acr-fulda.de\/wp-content\/uploads\/2015\/04\/Schulung.jpg\",\"datePublished\":\"2015-04-16T21:08:20+00:00\",\"dateModified\":\"2021-04-16T12:31:24+00:00\",\"breadcrumb\":{\"@id\":\"https:\/\/www.acr-fulda.de\/?page_id=13#breadcrumb\"},\"inLanguage\":\"de\",\"potentialAction\":[{\"@type\":\"ReadAction\",\"target\":[\"https:\/\/www.acr-fulda.de\/?page_id=13\"]}]},{\"@type\":\"ImageObject\",\"inLanguage\":\"de\",\"@id\":\"https:\/\/www.acr-fulda.de\/?page_id=13#primaryimage\",\"url\":\"https:\/\/www.acr-fulda.de\/wp-content\/uploads\/2015\/04\/Schulung.jpg\",\"contentUrl\":\"https:\/\/www.acr-fulda.de\/wp-content\/uploads\/2015\/04\/Schulung.jpg\",\"width\":768,\"height\":1024},{\"@type\":\"BreadcrumbList\",\"@id\":\"https:\/\/www.acr-fulda.de\/?page_id=13#breadcrumb\",\"itemListElement\":[{\"@type\":\"ListItem\",\"position\":1,\"name\":\"Startseite\",\"item\":\"https:\/\/www.acr-fulda.de\/\"},{\"@type\":\"ListItem\",\"position\":2,\"name\":\"Flugschule\"}]},{\"@type\":\"WebSite\",\"@id\":\"https:\/\/www.acr-fulda.de\/#website\",\"url\":\"https:\/\/www.acr-fulda.de\/\",\"name\":\"Aeroclub Rh\u00f6n e.V. Fulda\",\"description\":\"Segelfliegen, Einf\u00fchrungsfl\u00fcge, Flugschule am  Stadtrand von Fulda\",\"publisher\":{\"@id\":\"https:\/\/www.acr-fulda.de\/#organization\"},\"potentialAction\":[{\"@type\":\"SearchAction\",\"target\":{\"@type\":\"EntryPoint\",\"urlTemplate\":\"https:\/\/www.acr-fulda.de\/?s={search_term_string}\"},\"query-input\":{\"@type\":\"PropertyValueSpecification\",\"valueRequired\":true,\"valueName\":\"search_term_string\"}}],\"inLanguage\":\"de\"},{\"@type\":\"Organization\",\"@id\":\"https:\/\/www.acr-fulda.de\/#organization\",\"name\":\"Aeroclub Rh\u00f6n e.V. Fulda\",\"url\":\"https:\/\/www.acr-fulda.de\/\",\"logo\":{\"@type\":\"ImageObject\",\"inLanguage\":\"de\",\"@id\":\"https:\/\/www.acr-fulda.de\/#\/schema\/logo\/image\/\",\"url\":\"https:\/\/i0.wp.com\/www.acr-fulda.de\/wp-content\/uploads\/2015\/11\/ACR-Logo_MASK-e1482574119922.png?fit=128%2C128&ssl=1\",\"contentUrl\":\"https:\/\/i0.wp.com\/www.acr-fulda.de\/wp-content\/uploads\/2015\/11\/ACR-Logo_MASK-e1482574119922.png?fit=128%2C128&ssl=1\",\"width\":128,\"height\":128,\"caption\":\"Aeroclub Rh\u00f6n e.V. Fulda\"},\"image\":{\"@id\":\"https:\/\/www.acr-fulda.de\/#\/schema\/logo\/image\/\"}}]}<\/script>\n<!-- \/ Yoast SEO plugin. -->","yoast_head_json":{"title":"Flugschule - Aeroclub Rh\u00f6n e.V. Fulda","robots":{"index":"noindex","follow":"follow"},"og_locale":"de_DE","og_type":"article","og_title":"Flugschule - Aeroclub Rh\u00f6n e.V. Fulda","og_description":"Der Aero-Club Rh\u00f6n e.V. Fulda ist eine zertifizierte Flugschule (DTO) &nbsp; Segelflug Mit der Ausbildung zum Segelflugzeugf\u00fchrer kann bereits mit dem 14. Lebensjahr begonnen werden. Der Lizenzerhalt erfolgt ab dem 16. Lebensjahr. Die Ausbildungsdauer in unserem Verein betr\u00e4gt in der Regel 2 Jahre. Hierf\u00fcr stehen 4 ehrenamtliche Fluglehrer bereit. Die Ausbildung findet bei uns auf [&hellip;]","og_url":"https:\/\/www.acr-fulda.de\/?page_id=13","og_site_name":"Aeroclub Rh\u00f6n e.V. Fulda","article_modified_time":"2021-04-16T12:31:24+00:00","og_image":[{"width":768,"height":1024,"url":"https:\/\/www.acr-fulda.de\/wp-content\/uploads\/2015\/04\/Schulung.jpg","type":"image\/jpeg"}],"twitter_card":"summary_large_image","twitter_misc":{"Gesch\u00e4tzte Lesezeit":"1\u00a0Minute"},"schema":{"@context":"https:\/\/schema.org","@graph":[{"@type":"WebPage","@id":"https:\/\/www.acr-fulda.de\/?page_id=13","url":"https:\/\/www.acr-fulda.de\/?page_id=13","name":"Flugschule - Aeroclub Rh\u00f6n e.V. Fulda","isPartOf":{"@id":"https:\/\/www.acr-fulda.de\/#website"},"primaryImageOfPage":{"@id":"https:\/\/www.acr-fulda.de\/?page_id=13#primaryimage"},"image":{"@id":"https:\/\/www.acr-fulda.de\/?page_id=13#primaryimage"},"thumbnailUrl":"https:\/\/www.acr-fulda.de\/wp-content\/uploads\/2015\/04\/Schulung.jpg","datePublished":"2015-04-16T21:08:20+00:00","dateModified":"2021-04-16T12:31:24+00:00","breadcrumb":{"@id":"https:\/\/www.acr-fulda.de\/?page_id=13#breadcrumb"},"inLanguage":"de","potentialAction":[{"@type":"ReadAction","target":["https:\/\/www.acr-fulda.de\/?page_id=13"]}]},{"@type":"ImageObject","inLanguage":"de","@id":"https:\/\/www.acr-fulda.de\/?page_id=13#primaryimage","url":"https:\/\/www.acr-fulda.de\/wp-content\/uploads\/2015\/04\/Schulung.jpg","contentUrl":"https:\/\/www.acr-fulda.de\/wp-content\/uploads\/2015\/04\/Schulung.jpg","width":768,"height":1024},{"@type":"BreadcrumbList","@id":"https:\/\/www.acr-fulda.de\/?page_id=13#breadcrumb","itemListElement":[{"@type":"ListItem","position":1,"name":"Startseite","item":"https:\/\/www.acr-fulda.de\/"},{"@type":"ListItem","position":2,"name":"Flugschule"}]},{"@type":"WebSite","@id":"https:\/\/www.acr-fulda.de\/#website","url":"https:\/\/www.acr-fulda.de\/","name":"Aeroclub Rh\u00f6n e.V. Fulda","description":"Segelfliegen, Einf\u00fchrungsfl\u00fcge, Flugschule am  Stadtrand von Fulda","publisher":{"@id":"https:\/\/www.acr-fulda.de\/#organization"},"potentialAction":[{"@type":"SearchAction","target":{"@type":"EntryPoint","urlTemplate":"https:\/\/www.acr-fulda.de\/?s={search_term_string}"},"query-input":{"@type":"PropertyValueSpecification","valueRequired":true,"valueName":"search_term_string"}}],"inLanguage":"de"},{"@type":"Organization","@id":"https:\/\/www.acr-fulda.de\/#organization","name":"Aeroclub Rh\u00f6n e.V. Fulda","url":"https:\/\/www.acr-fulda.de\/","logo":{"@type":"ImageObject","inLanguage":"de","@id":"https:\/\/www.acr-fulda.de\/#\/schema\/logo\/image\/","url":"https:\/\/i0.wp.com\/www.acr-fulda.de\/wp-content\/uploads\/2015\/11\/ACR-Logo_MASK-e1482574119922.png?fit=128%2C128&ssl=1","contentUrl":"https:\/\/i0.wp.com\/www.acr-fulda.de\/wp-content\/uploads\/2015\/11\/ACR-Logo_MASK-e1482574119922.png?fit=128%2C128&ssl=1","width":128,"height":128,"caption":"Aeroclub Rh\u00f6n e.V. Fulda"},"image":{"@id":"https:\/\/www.acr-fulda.de\/#\/schema\/logo\/image\/"}}]}},"_links":{"self":[{"href":"https:\/\/www.acr-fulda.de\/index.php?rest_route=\/wp\/v2\/pages\/13","targetHints":{"allow":["GET"]}}],"collection":[{"href":"https:\/\/www.acr-fulda.de\/index.php?rest_route=\/wp\/v2\/pages"}],"about":[{"href":"https:\/\/www.acr-fulda.de\/index.php?rest_route=\/wp\/v2\/types\/page"}],"author":[{"embeddable":true,"href":"https:\/\/www.acr-fulda.de\/index.php?rest_route=\/wp\/v2\/users\/1"}],"replies":[{"embeddable":true,"href":"https:\/\/www.acr-fulda.de\/index.php?rest_route=%2Fwp%2Fv2%2Fcomments&post=13"}],"version-history":[{"count":6,"href":"https:\/\/www.acr-fulda.de\/index.php?rest_route=\/wp\/v2\/pages\/13\/revisions"}],"predecessor-version":[{"id":1153,"href":"https:\/\/www.acr-fulda.de\/index.php?rest_route=\/wp\/v2\/pages\/13\/revisions\/1153"}],"wp:featuredmedia":[{"embeddable":true,"href":"https:\/\/www.acr-fulda.de\/index.php?rest_route=\/wp\/v2\/media\/17"}],"wp:attachment":[{"href":"https:\/\/www.acr-fulda.de\/index.php?rest_route=%2Fwp%2Fv2%2Fmedia&parent=13"}],"curies":[{"name":"wp","href":"https:\/\/api.w.org\/{rel}","templated":true}]}}